{"id":383,"date":"2024-08-01T09:55:30","date_gmt":"2024-08-01T07:55:30","guid":{"rendered":"https:\/\/www.restauranteciaocarihuela.com\/menu\/"},"modified":"2024-08-23T09:35:50","modified_gmt":"2024-08-23T07:35:50","slug":"menu","status":"publish","type":"page","link":"https:\/\/www.restauranteciaocarihuela.com\/es\/menu\/","title":{"rendered":"Menu"},"content":{"rendered":"<p>[et_pb_section fb_built=\u00bb1&#8243; fullwidth=\u00bbon\u00bb _builder_version=\u00bb4.25.1&#8243; _module_preset=\u00bbdefault\u00bb width=\u00bb100%\u00bb module_alignment=\u00bbcenter\u00bb custom_padding=\u00bb||||false|false\u00bb global_colors_info=\u00bb{}\u00bb][et_pb_fullwidth_header title=\u00bbNuestro men\u00fa\u00bb text_orientation=\u00bbcenter\u00bb background_overlay_color=\u00bbrgba(0,0,0,0)\u00bb _builder_version=\u00bb4.27.0&#8243; _module_preset=\u00bbdefault\u00bb title_font=\u00bbABeeZee|||on|||||\u00bb title_text_align=\u00bbcenter\u00bb title_text_color=\u00bb#FFFFFF\u00bb title_font_size=\u00bb49px\u00bb background_color=\u00bb#FFFFFF\u00bb background_image=\u00bbhttps:\/\/www.restauranteciaocarihuela.com\/wp-content\/uploads\/2024\/07\/0-b78f588a-0616-4e7a-8489-c6fa55a0b78f-1920&#215;1080-1.jpg\u00bb min_height=\u00bb392px\u00bb custom_padding=\u00bb8vw||||false|false\u00bb global_colors_info=\u00bb{}\u00bb][\/et_pb_fullwidth_header][\/et_pb_section][et_pb_section fb_built=\u00bb1&#8243; admin_label=\u00bbGallery\u00bb _builder_version=\u00bb4.17.4&#8243; _module_preset=\u00bbdefault\u00bb locked=\u00bboff\u00bb collapsed=\u00bboff\u00bb global_colors_info=\u00bb{}\u00bb][et_pb_row _builder_version=\u00bb4.17.6&#8243; _module_preset=\u00bbdefault\u00bb locked=\u00bboff\u00bb global_colors_info=\u00bb{}\u00bb][et_pb_column type=\u00bb4_4&#8243; _builder_version=\u00bb4.17.4&#8243; _module_preset=\u00bbdefault\u00bb global_colors_info=\u00bb{}\u00bb][et_pb_button button_url=\u00bbhttps:\/\/www.restauranteciaocarihuela.com\/wp-content\/uploads\/2024\/08\/ciao-carihuela-menu-08-24.pdf\u00bb button_text=\u00bbDescargar el men\u00fa\u00bb button_alignment=\u00bbcenter\u00bb _builder_version=\u00bb4.27.0&#8243; _module_preset=\u00bbdefault\u00bb custom_button=\u00bbon\u00bb button_text_color=\u00bb#FFFFFF\u00bb button_bg_color=\u00bb#01982f\u00bb button_border_radius=\u00bb22px\u00bb button_font=\u00bbABeeZee|||on|||||\u00bb button_use_icon=\u00bboff\u00bb background_layout=\u00bbdark\u00bb hover_enabled=\u00bb0&#8243; global_colors_info=\u00bb{}\u00bb sticky_enabled=\u00bb0&#8243;][\/et_pb_button][et_pb_gallery gallery_ids=\u00bb65,66&#8243; fullwidth=\u00bbon\u00bb _builder_version=\u00bb4.25.1&#8243; _module_preset=\u00bbdefault\u00bb global_colors_info=\u00bb{}\u00bb][\/et_pb_gallery][\/et_pb_column][\/et_pb_row][et_pb_row _builder_version=\u00bb4.27.0&#8243; _module_preset=\u00bbdefault\u00bb global_colors_info=\u00bb{}\u00bb][et_pb_column type=\u00bb4_4&#8243; _builder_version=\u00bb4.27.0&#8243; _module_preset=\u00bbdefault\u00bb global_colors_info=\u00bb{}\u00bb][et_pb_image src=\u00bbhttps:\/\/www.restauranteciaocarihuela.com\/wp-content\/uploads\/2024\/08\/ciao-carihuela-menu-23-08-2024-1-scaled.jpg\u00bb alt=\u00bbmenu ciao carihuela\u00bb title_text=\u00bbmenu ciao carihuela\u00bb show_in_lightbox=\u00bbon\u00bb align=\u00bbcenter\u00bb align_tablet=\u00bbcenter\u00bb align_phone=\u00bbcenter\u00bb align_last_edited=\u00bbon|phone\u00bb _builder_version=\u00bb4.27.0&#8243; _module_preset=\u00bbdefault\u00bb hover_enabled=\u00bb0&#8243; global_colors_info=\u00bb{}\u00bb sticky_enabled=\u00bb0&#8243;][\/et_pb_image][\/et_pb_column][\/et_pb_row][\/et_pb_section][et_pb_section fb_built=\u00bb1&#8243; admin_label=\u00bbTestimonials\u00bb _builder_version=\u00bb4.17.6&#8243; _module_preset=\u00bbdefault\u00bb saved_tabs=\u00bball\u00bb locked=\u00bboff\u00bb collapsed=\u00bbon\u00bb global_colors_info=\u00bb{}\u00bb][et_pb_row _builder_version=\u00bb4.16&#8243; _module_preset=\u00bbdefault\u00bb locked=\u00bboff\u00bb global_colors_info=\u00bb{}\u00bb][et_pb_column type=\u00bb4_4&#8243; _builder_version=\u00bb4.16&#8243; _module_preset=\u00bbdefault\u00bb global_colors_info=\u00bb{}\u00bb][et_pb_icon font_icon=\u00bb&#xf10d;||fa||900&#8243; icon_color=\u00bb#dd3333&#8243; icon_width=\u00bb32px\u00bb module_class=\u00bbai_ignore_font_icon\u00bb _builder_version=\u00bb4.24.3&#8243; _module_preset=\u00bbdefault\u00bb locked=\u00bboff\u00bb global_colors_info=\u00bb{%22#dd3333%22:%91%22icon_color%22%93}\u00bb][\/et_pb_icon][et_pb_heading title=\u00bbLo que dicen nuestros hu\u00e9spedes\u00bb _builder_version=\u00bb4.25.0&#8243; _module_preset=\u00bbdefault\u00bb title_level=\u00bbh2&#8243; title_font=\u00bbABeeZee|ABeeZee_weight|||||||\u00bb title_text_align=\u00bbcenter\u00bb title_text_color=\u00bb#01982f\u00bb title_font_size=\u00bb50px\u00bb title_line_height=\u00bb1.2em\u00bb custom_margin=\u00bb||10px||false|false\u00bb title_font_size_tablet=\u00bb28px\u00bb title_font_size_phone=\u00bb20px\u00bb title_font_size_last_edited=\u00bbon|phone\u00bb global_colors_info=\u00bb{}\u00bb][\/et_pb_heading][\/et_pb_column][\/et_pb_row][et_pb_row column_structure=\u00bb1_3,1_3,1_3&#8243; _builder_version=\u00bb4.24.3&#8243; _module_preset=\u00bbdefault\u00bb global_colors_info=\u00bb{}\u00bb][et_pb_column type=\u00bb1_3&#8243; _builder_version=\u00bb4.24.3&#8243; _module_preset=\u00bbdefault\u00bb background_color=\u00bb#FFFFFF\u00bb custom_padding=\u00bb30px|30px|30px|30px|true|true\u00bb custom_padding_tablet=\u00bb30px|30px|30px|30px|true|true\u00bb custom_padding_phone=\u00bb20px|20px|20px|20px|false|true\u00bb custom_padding_last_edited=\u00bbon|phone\u00bb border_radii=\u00bbon|6px|6px|6px|6px\u00bb box_shadow_style=\u00bbpreset1&#8243; box_shadow_vertical=\u00bb24px\u00bb box_shadow_blur=\u00bb72px\u00bb box_shadow_spread=\u00bb-12px\u00bb box_shadow_color=\u00bbrgba(0,0,0,0.12)\u00bb global_colors_info=\u00bb{}\u00bb][et_pb_text _builder_version=\u00bb4.25.0&#8243; _module_preset=\u00bb2f4e19cd-02c2-4a82-9265-25287c4d14ba\u00bb text_text_color=\u00bb#33dd33&#8243; text_font_size=\u00bb24px\u00bb text_letter_spacing=\u00bb4px\u00bb locked=\u00bboff\u00bb global_colors_info=\u00bb{%22gcid-f2943306-fa6c-45f0-b632-5fc00151356a%22:%91%22link_text_color%22,%22link_text_color%22%93,%22#33dd33%22:%91%22text_text_color%22%93}\u00bb]<\/p>\n<p><span style=\"color: #ff0000;\"><b>\u2605<\/b><b>\u2605<\/b><b>\u2605<\/b><b>\u2605<\/b><b>\u2605<\/b><\/span><\/p>\n<p>[\/et_pb_text][et_pb_text quote_border_color=\u00bb#dd3333&#8243; _builder_version=\u00bb4.25.1&#8243; _module_preset=\u00bb2f4e19cd-02c2-4a82-9265-25287c4d14ba\u00bb text_font=\u00bbLora|700|||||||\u00bb text_text_color=\u00bb#000000&#8243; text_font_size=\u00bb18px\u00bb text_line_height=\u00bb1.75em\u00bb link_text_color=\u00bb#33dd33&#8243; quote_font=\u00bbABeeZee|700|||||||\u00bb quote_text_color=\u00bb#6a8427&#8243; header_font=\u00bbABeeZee|700|||||||\u00bb header_text_color=\u00bb#6a8427&#8243; header_font_size=\u00bb72px\u00bb header_line_height=\u00bb1.15em\u00bb header_2_font=\u00bbABeeZee|700|||||||\u00bb header_2_text_color=\u00bb#6a8427&#8243; header_2_font_size=\u00bb50px\u00bb header_2_line_height=\u00bb1.2em\u00bb header_3_font=\u00bbABeeZee|700|||||||\u00bb header_3_text_color=\u00bb#6a8427&#8243; header_3_font_size=\u00bb32px\u00bb header_3_line_height=\u00bb1.3em\u00bb header_4_font=\u00bbABeeZee|700|||||||\u00bb header_4_text_color=\u00bb#6a8427&#8243; header_4_font_size=\u00bb24px\u00bb header_4_line_height=\u00bb1.4em\u00bb header_5_font=\u00bbABeeZee|700|||||||\u00bb header_5_text_color=\u00bb#6a8427&#8243; header_5_font_size=\u00bb18px\u00bb header_5_line_height=\u00bb1.4em\u00bb header_6_font=\u00bbABeeZee|700|||||||\u00bb header_6_text_color=\u00bb#6a8427&#8243; header_6_line_height=\u00bb1.5em\u00bb custom_margin=\u00bb||10px||false|false\u00bb text_font_size_tablet=\u00bb16px\u00bb text_font_size_phone=\u00bb14px\u00bb text_font_size_last_edited=\u00bbon|desktop\u00bb header_font_size_tablet=\u00bb40px\u00bb header_font_size_phone=\u00bb24px\u00bb header_font_size_last_edited=\u00bbon|desktop\u00bb header_2_font_size_tablet=\u00bb28px\u00bb header_2_font_size_phone=\u00bb20px\u00bb header_2_font_size_last_edited=\u00bbon|phone\u00bb header_3_font_size_tablet=\u00bb22px\u00bb header_3_font_size_phone=\u00bb17px\u00bb header_3_font_size_last_edited=\u00bbon|phone\u00bb header_4_font_size_tablet=\u00bb18px\u00bb header_4_font_size_phone=\u00bb15px\u00bb header_4_font_size_last_edited=\u00bbon|tablet\u00bb header_5_font_size_tablet=\u00bb15px\u00bb header_5_font_size_phone=\u00bb14px\u00bb header_5_font_size_last_edited=\u00bbon|desktop\u00bb header_6_font_size_tablet=\u00bb13px\u00bb header_6_font_size_phone=\u00bb13px\u00bb header_6_font_size_last_edited=\u00bbon|desktop\u00bb locked=\u00bboff\u00bb global_colors_info=\u00bb{%22#33dd33%22:%91%22link_text_color%22,%22link_text_color%22%93,%22#6a8427%22:%91%22header_text_color%22,%22header_4_text_color%22,%22header_3_text_color%22,%22header_2_text_color%22,%22header_5_text_color%22,%22header_6_text_color%22,%22quote_text_color%22%93,%22#dd3333%22:%91%22quote_border_color%22,%22quote_border_color%22%93}\u00bb]<\/p>\n<p><span>Muy buena comida, sobre todo las pizzas al horno de le\u00f1a y la pasta. Te lo recomiendo. En <\/span><span>\u00a1el servicio fue incre\u00edble! Personal muy servicial.<\/span><span> \u00a1Volveremos a por m\u00e1s!<\/span><\/p>\n<p><span>Sergio<\/span><\/p>\n<p>[\/et_pb_text][\/et_pb_column][et_pb_column type=\u00bb1_3&#8243; _builder_version=\u00bb4.24.3&#8243; _module_preset=\u00bbdefault\u00bb background_color=\u00bb#FFFFFF\u00bb custom_padding=\u00bb30px|30px|30px|30px|true|true\u00bb custom_padding_tablet=\u00bb30px|30px|30px|30px|true|true\u00bb custom_padding_phone=\u00bb20px|20px|20px|20px|false|true\u00bb custom_padding_last_edited=\u00bbon|phone\u00bb border_radii=\u00bbon|6px|6px|6px|6px\u00bb box_shadow_style=\u00bbpreset1&#8243; box_shadow_vertical=\u00bb24px\u00bb box_shadow_blur=\u00bb72px\u00bb box_shadow_spread=\u00bb-12px\u00bb box_shadow_color=\u00bbrgba(0,0,0,0.12)\u00bb global_colors_info=\u00bb{}\u00bb][et_pb_text _builder_version=\u00bb4.25.0&#8243; _module_preset=\u00bb2f4e19cd-02c2-4a82-9265-25287c4d14ba\u00bb text_text_color=\u00bb#33dd33&#8243; text_font_size=\u00bb24px\u00bb text_letter_spacing=\u00bb4px\u00bb locked=\u00bboff\u00bb global_colors_info=\u00bb{%22gcid-f2943306-fa6c-45f0-b632-5fc00151366a%22:%91%22link_text_color%22,%22link_text_color%22%93,%22#33dd33%22:%91%22text_text_color%22%93}\u00bb]<\/p>\n<p><span style=\"color: #ff0000;\"><b>\u2605<\/b><b>\u2605<\/b><b>\u2605<\/b><b>\u2605<\/b><b>\u2605<\/b><\/span><\/p>\n<p>[\/et_pb_text][et_pb_text quote_border_color=\u00bb#dd3333&#8243; _builder_version=\u00bb4.25.1&#8243; _module_preset=\u00bb2f4e19cd-02c2-4a82-9265-25287c4d14ba\u00bb text_font=\u00bbLora|700|||||||\u00bb text_text_color=\u00bb#000000&#8243; text_font_size=\u00bb18px\u00bb text_line_height=\u00bb1.75em\u00bb link_text_color=\u00bb#33dd33&#8243; quote_font=\u00bbABeeZee|700|||||||\u00bb quote_text_color=\u00bb#6a8427&#8243; header_font=\u00bbABeeZee|700|||||||\u00bb header_text_color=\u00bb#6a8427&#8243; header_font_size=\u00bb72px\u00bb header_line_height=\u00bb1.15em\u00bb header_2_font=\u00bbABeeZee|700|||||||\u00bb header_2_text_color=\u00bb#6a8427&#8243; header_2_font_size=\u00bb50px\u00bb header_2_line_height=\u00bb1.2em\u00bb header_3_font=\u00bbABeeZee|700|||||||\u00bb header_3_text_color=\u00bb#6a8427&#8243; header_3_font_size=\u00bb32px\u00bb header_3_line_height=\u00bb1.3em\u00bb header_4_font=\u00bbABeeZee|700|||||||\u00bb header_4_text_color=\u00bb#6a8427&#8243; header_4_font_size=\u00bb24px\u00bb header_4_line_height=\u00bb1.4em\u00bb header_5_font=\u00bbABeeZee|700|||||||\u00bb header_5_text_color=\u00bb#6a8427&#8243; header_5_font_size=\u00bb18px\u00bb header_5_line_height=\u00bb1.4em\u00bb header_6_font=\u00bbABeeZee|700|||||||\u00bb header_6_text_color=\u00bb#6a8427&#8243; header_6_line_height=\u00bb1.5em\u00bb custom_margin=\u00bb||10px||false|false\u00bb text_font_size_tablet=\u00bb16px\u00bb text_font_size_phone=\u00bb14px\u00bb text_font_size_last_edited=\u00bbon|desktop\u00bb header_font_size_tablet=\u00bb40px\u00bb header_font_size_phone=\u00bb24px\u00bb header_font_size_last_edited=\u00bbon|desktop\u00bb header_2_font_size_tablet=\u00bb28px\u00bb header_2_font_size_phone=\u00bb20px\u00bb header_2_font_size_last_edited=\u00bbon|phone\u00bb header_3_font_size_tablet=\u00bb22px\u00bb header_3_font_size_phone=\u00bb17px\u00bb header_3_font_size_last_edited=\u00bbon|phone\u00bb header_4_font_size_tablet=\u00bb18px\u00bb header_4_font_size_phone=\u00bb15px\u00bb header_4_font_size_last_edited=\u00bbon|tablet\u00bb header_5_font_size_tablet=\u00bb15px\u00bb header_5_font_size_phone=\u00bb14px\u00bb header_5_font_size_last_edited=\u00bbon|desktop\u00bb header_6_font_size_tablet=\u00bb13px\u00bb header_6_font_size_phone=\u00bb13px\u00bb header_6_font_size_last_edited=\u00bbon|desktop\u00bb locked=\u00bboff\u00bb global_colors_info=\u00bb{%22#33dd33%22:%91%22link_text_color%22,%22link_text_color%22%93,%22#6a8427%22:%91%22header_text_color%22,%22header_4_text_color%22,%22header_3_text_color%22,%22header_2_text_color%22,%22header_5_text_color%22,%22header_6_text_color%22,%22quote_text_color%22%93,%22#dd3333%22:%91%22quote_border_color%22,%22quote_border_color%22%93}\u00bb]<\/p>\n<p><span>Comida absolutamente impresionante. El servicio fue excepcional, nada supuso un problema. Los platos de pasta y las setas rebozadas estaban incre\u00edbles. No se puede reprochar nada.<\/span><\/p>\n<p><span>Claire<\/span><\/p>\n<p>[\/et_pb_text][\/et_pb_column][et_pb_column type=\u00bb1_3&#8243; _builder_version=\u00bb4.24.3&#8243; _module_preset=\u00bbdefault\u00bb background_color=\u00bb#FFFFFF\u00bb custom_padding=\u00bb30px|30px|30px|30px|true|true\u00bb custom_padding_tablet=\u00bb30px|30px|30px|30px|true|true\u00bb custom_padding_phone=\u00bb20px|20px|20px|20px|false|true\u00bb custom_padding_last_edited=\u00bbon|phone\u00bb border_radii=\u00bbon|6px|6px|6px|6px\u00bb box_shadow_style=\u00bbpreset1&#8243; box_shadow_vertical=\u00bb24px\u00bb box_shadow_blur=\u00bb72px\u00bb box_shadow_spread=\u00bb-12px\u00bb box_shadow_color=\u00bbrgba(0,0,0,0.12)\u00bb global_colors_info=\u00bb{}\u00bb][et_pb_text _builder_version=\u00bb4.25.0&#8243; _module_preset=\u00bb2f4e19cd-02c2-4a82-9265-25287c4d14ba\u00bb text_text_color=\u00bb#33dd33&#8243; text_font_size=\u00bb24px\u00bb text_letter_spacing=\u00bb4px\u00bb locked=\u00bboff\u00bb global_colors_info=\u00bb{%22gcid-f2943306-fa6c-45f0-b632-5fc00151366a%22:%91%22link_text_color%22,%22link_text_color%22%93,%22#33dd33%22:%91%22text_text_color%22%93}\u00bb]<\/p>\n<p><span style=\"color: #ff0000;\"><b>\u2605<\/b><b>\u2605<\/b><b>\u2605<\/b><b>\u2605<\/b><b>\u2605<\/b><\/span><\/p>\n<p>[\/et_pb_text][et_pb_text quote_border_color=\u00bb#dd3333&#8243; _builder_version=\u00bb4.25.1&#8243; _module_preset=\u00bb2f4e19cd-02c2-4a82-9265-25287c4d14ba\u00bb text_font=\u00bbLora|700|||||||\u00bb text_text_color=\u00bb#000000&#8243; text_font_size=\u00bb18px\u00bb text_line_height=\u00bb1.75em\u00bb link_text_color=\u00bb#33dd33&#8243; quote_font=\u00bbABeeZee|700|||||||\u00bb quote_text_color=\u00bb#6a8427&#8243; header_font=\u00bbABeeZee|700|||||||\u00bb header_text_color=\u00bb#6a8427&#8243; header_font_size=\u00bb72px\u00bb header_line_height=\u00bb1.15em\u00bb header_2_font=\u00bbABeeZee|700|||||||\u00bb header_2_text_color=\u00bb#6a8427&#8243; header_2_font_size=\u00bb50px\u00bb header_2_line_height=\u00bb1.2em\u00bb header_3_font=\u00bbABeeZee|700|||||||\u00bb header_3_text_color=\u00bb#6a8427&#8243; header_3_font_size=\u00bb32px\u00bb header_3_line_height=\u00bb1.3em\u00bb header_4_font=\u00bbABeeZee|700|||||||\u00bb header_4_text_color=\u00bb#6a8427&#8243; header_4_font_size=\u00bb24px\u00bb header_4_line_height=\u00bb1.4em\u00bb header_5_font=\u00bbABeeZee|700|||||||\u00bb header_5_text_color=\u00bb#6a8427&#8243; header_5_font_size=\u00bb18px\u00bb header_5_line_height=\u00bb1.4em\u00bb header_6_font=\u00bbABeeZee|700|||||||\u00bb header_6_text_color=\u00bb#6a8427&#8243; header_6_line_height=\u00bb1.5em\u00bb custom_margin=\u00bb||10px||false|false\u00bb text_font_size_tablet=\u00bb16px\u00bb text_font_size_phone=\u00bb14px\u00bb text_font_size_last_edited=\u00bbon|desktop\u00bb header_font_size_tablet=\u00bb40px\u00bb header_font_size_phone=\u00bb24px\u00bb header_font_size_last_edited=\u00bbon|desktop\u00bb header_2_font_size_tablet=\u00bb28px\u00bb header_2_font_size_phone=\u00bb20px\u00bb header_2_font_size_last_edited=\u00bbon|phone\u00bb header_3_font_size_tablet=\u00bb22px\u00bb header_3_font_size_phone=\u00bb17px\u00bb header_3_font_size_last_edited=\u00bbon|phone\u00bb header_4_font_size_tablet=\u00bb18px\u00bb header_4_font_size_phone=\u00bb15px\u00bb header_4_font_size_last_edited=\u00bbon|tablet\u00bb header_5_font_size_tablet=\u00bb15px\u00bb header_5_font_size_phone=\u00bb14px\u00bb header_5_font_size_last_edited=\u00bbon|desktop\u00bb header_6_font_size_tablet=\u00bb13px\u00bb header_6_font_size_phone=\u00bb13px\u00bb header_6_font_size_last_edited=\u00bbon|desktop\u00bb locked=\u00bboff\u00bb global_colors_info=\u00bb{%22#33dd33%22:%91%22link_text_color%22,%22link_text_color%22%93,%22#6a8427%22:%91%22header_text_color%22,%22header_4_text_color%22,%22header_3_text_color%22,%22header_2_text_color%22,%22header_5_text_color%22,%22header_6_text_color%22,%22quote_text_color%22%93,%22#dd3333%22:%91%22quote_border_color%22,%22quote_border_color%22%93}\u00bb]<\/p>\n<p><span>\u00a1Muy buena pizza a un precio razonable y camareros simp\u00e1ticos! Nuevo restaurante que habr\u00edamos pasado de largo si no nos lo hubiera recomendado la familia.<\/span><\/p>\n<p><span>Per-Andre<\/span><\/p>\n<p>[\/et_pb_text][\/et_pb_column][\/et_pb_row][\/et_pb_section][et_pb_section fb_built=\u00bb1&#8243; admin_label=\u00bbCall to Action\u00bb _builder_version=\u00bb4.25.1&#8243; _module_preset=\u00bbdefault\u00bb use_background_color_gradient=\u00bbon\u00bb background_color_gradient_stops=\u00bbrgba(10,10,10,0.49) 0%|rgba(0,0,0,0.67) 99%\u00bb background_color_gradient_overlays_image=\u00bbon\u00bb background_image=\u00bbhttps:\/\/www.restauranteciaocarihuela.com\/wp-content\/uploads\/2024\/07\/0-7f1e8ec5-e14e-4335-9e05-9583350a640f-1920&#215;1080-1.jpg\u00bb custom_padding=\u00bb5vw||5vw||true|false\u00bb saved_tabs=\u00bball\u00bb locked=\u00bboff\u00bb collapsed=\u00bbon\u00bb global_colors_info=\u00bb{%22gcid-36fd78a7-34bc-404d-873c-dafa34efaae5%22:%91%22background_color%22%93}\u00bb][et_pb_row _builder_version=\u00bb4.24.3&#8243; _module_preset=\u00bbdefault\u00bb locked=\u00bboff\u00bb global_colors_info=\u00bb{}\u00bb][et_pb_column type=\u00bb4_4&#8243; _builder_version=\u00bb4.18.0&#8243; _module_preset=\u00bbdefault\u00bb global_colors_info=\u00bb{}\u00bb][et_pb_cta title=\u00bb\u00bfListo para degustar el sabor?\u00bb button_url=\u00bbhttps:\/\/www.restauranteciaocarihuela.com\/es\/reservas\/\u00bb button_text=\u00bbRESERVA AHORA\u00bb _builder_version=\u00bb4.27.0&#8243; _module_preset=\u00bbdefault\u00bb header_font=\u00bbABeeZee|ABeeZee_weight|||||||\u00bb header_text_color=\u00bb#01982f\u00bb header_font_size=\u00bb50px\u00bb header_line_height=\u00bb1.2em\u00bb body_font=\u00bbLora||||||||\u00bb body_text_color=\u00bb#000000&#8243; body_font_size=\u00bb18px\u00bb body_line_height=\u00bb1.75em\u00bb background_color=\u00bb#FFFFFF\u00bb custom_button=\u00bbon\u00bb button_text_size=\u00bb14px\u00bb button_text_color=\u00bb#FFFFFF\u00bb button_bg_color=\u00bb#01982f\u00bb button_border_width=\u00bb0px\u00bb button_border_radius=\u00bb100px\u00bb button_font=\u00bbABeeZee|700|||||||\u00bb button_custom_padding=\u00bb12px|24px|12px|24px|true|true\u00bb background_layout=\u00bblight\u00bb custom_padding=\u00bb60px|60px|60px|60px|true|true\u00bb custom_padding_tablet=\u00bb30px|30px|30px|30px|true|true\u00bb custom_padding_phone=\u00bb20px|20px|20px|20px|true|true\u00bb custom_padding_last_edited=\u00bbon|desktop\u00bb header_font_size_tablet=\u00bb28px\u00bb header_font_size_phone=\u00bb20px\u00bb header_font_size_last_edited=\u00bbon|phone\u00bb body_font_size_tablet=\u00bb16px\u00bb body_font_size_phone=\u00bb14px\u00bb body_font_size_last_edited=\u00bbon|phone\u00bb border_radii=\u00bbon|6px|6px|6px|6px\u00bb box_shadow_style=\u00bbpreset3&#8243; box_shadow_vertical=\u00bb24px\u00bb box_shadow_blur=\u00bb72px\u00bb box_shadow_spread=\u00bb-12px\u00bb box_shadow_color=\u00bbrgba(0,0,0,0.12)\u00bb locked=\u00bboff\u00bb global_colors_info=\u00bb{%22gcid-f2943306-fa6c-45f0-b632-5fc00151366a%22:%91%22button_text_color%22%93,%22gcid-36fd78a7-34bc-404d-873c-dafa34efaae5%22:%91%22button_text_color%22,%22color%22,%22background_color%22%93,%22gcid-7cadd8b3-5228-48e4-90c4-212d09232f7b%22:%91%22color%22,%22color%22,%22color%22,%22color%22%93,%22gcid-f113ad93-2527-46d7-862b-fc71181c6b5e%22:%91%22border_color_all%22,%22border_color_all%22%93}\u00bb text_font_size_tablet=\u00bb16px\u00bb text_font_size_phone=\u00bb14px\u00bb text_font_size_last_edited=\u00bbon|phone\u00bb]<\/p>\n<p>No te pierdas un viaje culinario por Italia y M\u00e9xico aqu\u00ed mismo, en el Restaurante CIAO. Reserva tu mesa o vis\u00edtanos en Carihuela, Torremolinos para experimentar los vibrantes sabores y deliciosos platos que tenemos para ofrecerte.<\/p>\n<p>[\/et_pb_cta][\/et_pb_column][\/et_pb_row][\/et_pb_section]<\/p>\n","protected":false},"excerpt":{"rendered":"<p>\u2605\u2605\u2605\u2605\u2605Muy buena comida, sobre todo las pizzas al horno de le\u00f1a y la pasta. Te lo recomiendo. En \u00a1el servicio fue incre\u00edble! Personal muy servicial. \u00a1Volveremos a por m\u00e1s! Sergio\u2605\u2605\u2605\u2605\u2605Comida absolutamente impresionante. El servicio fue excepcional, nada supuso un problema. Los platos de pasta y las setas rebozadas estaban incre\u00edbles. No se puede reprochar nada. [&hellip;]<\/p>\n","protected":false},"author":1,"featured_media":0,"parent":0,"menu_order":0,"comment_status":"closed","ping_status":"closed","template":"","meta":{"_et_pb_use_builder":"on","_et_pb_old_content":"","_et_gb_content_width":"","footnotes":""},"class_list":["post-383","page","type-page","status-publish","hentry"],"_links":{"self":[{"href":"https:\/\/www.restauranteciaocarihuela.com\/es\/wp-json\/wp\/v2\/pages\/383","targetHints":{"allow":["GET"]}}],"collection":[{"href":"https:\/\/www.restauranteciaocarihuela.com\/es\/wp-json\/wp\/v2\/pages"}],"about":[{"href":"https:\/\/www.restauranteciaocarihuela.com\/es\/wp-json\/wp\/v2\/types\/page"}],"author":[{"embeddable":true,"href":"https:\/\/www.restauranteciaocarihuela.com\/es\/wp-json\/wp\/v2\/users\/1"}],"replies":[{"embeddable":true,"href":"https:\/\/www.restauranteciaocarihuela.com\/es\/wp-json\/wp\/v2\/comments?post=383"}],"version-history":[{"count":9,"href":"https:\/\/www.restauranteciaocarihuela.com\/es\/wp-json\/wp\/v2\/pages\/383\/revisions"}],"predecessor-version":[{"id":502,"href":"https:\/\/www.restauranteciaocarihuela.com\/es\/wp-json\/wp\/v2\/pages\/383\/revisions\/502"}],"wp:attachment":[{"href":"https:\/\/www.restauranteciaocarihuela.com\/es\/wp-json\/wp\/v2\/media?parent=383"}],"curies":[{"name":"wp","href":"https:\/\/api.w.org\/{rel}","templated":true}]}}